{"id":80,"date":"2018-10-16T10:55:58","date_gmt":"2018-10-16T08:55:58","guid":{"rendered":"http:\/\/lecamionavelo.fr\/?page_id=80"},"modified":"2018-10-16T10:55:58","modified_gmt":"2018-10-16T08:55:58","slug":"conception-et-montage-a-la-carte","status":"publish","type":"page","link":"http:\/\/lecamionavelo.fr\/?page_id=80","title":{"rendered":"Conception et montage \u00e0 la carte"},"content":{"rendered":"<p><img loading=\"lazy\" decoding=\"async\" class=\" wp-image-88 alignright\" src=\"http:\/\/lecamionavelo.fr\/wp-content\/uploads\/2018\/10\/DSCN4002-300x225.jpg\" alt=\"\" width=\"372\" height=\"279\" srcset=\"http:\/\/lecamionavelo.fr\/wp-content\/uploads\/2018\/10\/DSCN4002-300x225.jpg 300w, http:\/\/lecamionavelo.fr\/wp-content\/uploads\/2018\/10\/DSCN4002-768x576.jpg 768w, http:\/\/lecamionavelo.fr\/wp-content\/uploads\/2018\/10\/DSCN4002-1024x768.jpg 1024w, http:\/\/lecamionavelo.fr\/wp-content\/uploads\/2018\/10\/DSCN4002-370x278.jpg 370w, http:\/\/lecamionavelo.fr\/wp-content\/uploads\/2018\/10\/DSCN4002-1040x780.jpg 1040w\" sizes=\"auto, (max-width: 372px) 100vw, 372px\" \/>Pour un v\u00e9lo unique, nous \u00e9changerons sur vos envies, vos besoins et trouverons le mat\u00e9riel le mieux adapt\u00e9 pour construire le v\u00e9lo de vos r\u00eaves.<\/p>\n<p>Composants neufs, composants que vous poss\u00e9dez d\u00e9j\u00e0, composants d&#8217;occasion tout est imaginable.<\/p>\n<p>Plusieurs solutions sont possibles :<\/p>\n<ul>\n<li>je vous accompagne dans le choix des composants afin de garantir la compatibilit\u00e9 du mat\u00e9riel et vous r\u00e9alisez le montage vous -m\u00eame,<\/li>\n<li>je r\u00e9alise le montage \u00e0 partir de pi\u00e8ces que vous me fournissez,<\/li>\n<li>je vous fournis les pi\u00e8ces et r\u00e9alise le montage.<\/li>\n<\/ul>\n<p>Que votre projet concerne un v\u00e9lo de route, un VTT, un BMX, un v\u00e9lo urbain&#8230; je suis \u00e0 votre disposition. N&#8217;h\u00e9sitez pas \u00e0 m&#8217;en parler.<\/p>\n","protected":false},"excerpt":{"rendered":"<p>Pour un v\u00e9lo unique, nous \u00e9changerons sur vos envies, vos besoins et trouverons le mat\u00e9riel le mieux adapt\u00e9 pour construire le v\u00e9lo de vos r\u00eaves. Composants neufs, composants que vous poss\u00e9dez d\u00e9j\u00e0, composants d&#8217;occasion tout[&#8230;]<\/p>\n","protected":false},"author":1,"featured_media":0,"parent":0,"menu_order":0,"comment_status":"closed","ping_status":"closed","template":"","meta":{"_monsterinsights_skip_tracking":false,"_monsterinsights_sitenote_active":false,"_monsterinsights_sitenote_note":"","_monsterinsights_sitenote_category":0,"footnotes":""},"class_list":["post-80","page","type-page","status-publish","hentry"],"_links":{"self":[{"href":"http:\/\/lecamionavelo.fr\/index.php?rest_route=\/wp\/v2\/pages\/80","targetHints":{"allow":["GET"]}}],"collection":[{"href":"http:\/\/lecamionavelo.fr\/index.php?rest_route=\/wp\/v2\/pages"}],"about":[{"href":"http:\/\/lecamionavelo.fr\/index.php?rest_route=\/wp\/v2\/types\/page"}],"author":[{"embeddable":true,"href":"http:\/\/lecamionavelo.fr\/index.php?rest_route=\/wp\/v2\/users\/1"}],"replies":[{"embeddable":true,"href":"http:\/\/lecamionavelo.fr\/index.php?rest_route=%2Fwp%2Fv2%2Fcomments&post=80"}],"version-history":[{"count":5,"href":"http:\/\/lecamionavelo.fr\/index.php?rest_route=\/wp\/v2\/pages\/80\/revisions"}],"predecessor-version":[{"id":92,"href":"http:\/\/lecamionavelo.fr\/index.php?rest_route=\/wp\/v2\/pages\/80\/revisions\/92"}],"wp:attachment":[{"href":"http:\/\/lecamionavelo.fr\/index.php?rest_route=%2Fwp%2Fv2%2Fmedia&parent=80"}],"curies":[{"name":"wp","href":"https:\/\/api.w.org\/{rel}","templated":true}]}}