{"id":50,"date":"2018-10-08T23:19:29","date_gmt":"2018-10-08T21:19:29","guid":{"rendered":"http:\/\/lecamionavelo.fr\/?page_id=50"},"modified":"2023-01-22T22:35:54","modified_gmt":"2023-01-22T21:35:54","slug":"entretien-reparation","status":"publish","type":"page","link":"http:\/\/lecamionavelo.fr\/?page_id=50","title":{"rendered":"Tarifs &#8211; R\u00e9paration et entretien"},"content":{"rendered":"<p><img loading=\"lazy\" decoding=\"async\" class=\"wp-image-69 aligncenter\" style=\"font-size: 16px;\" src=\"http:\/\/lecamionavelo.fr\/wp-content\/uploads\/2018\/10\/bus-1510035-e1539639740589-300x60.jpg\" alt=\"\" width=\"830\" height=\"166\" srcset=\"http:\/\/lecamionavelo.fr\/wp-content\/uploads\/2018\/10\/bus-1510035-e1539639740589-300x60.jpg 300w, http:\/\/lecamionavelo.fr\/wp-content\/uploads\/2018\/10\/bus-1510035-e1539639740589-768x153.jpg 768w, http:\/\/lecamionavelo.fr\/wp-content\/uploads\/2018\/10\/bus-1510035-e1539639740589-1024x205.jpg 1024w, http:\/\/lecamionavelo.fr\/wp-content\/uploads\/2018\/10\/bus-1510035-e1539639740589-370x74.jpg 370w, http:\/\/lecamionavelo.fr\/wp-content\/uploads\/2018\/10\/bus-1510035-e1539639740589-1040x208.jpg 1040w\" sizes=\"auto, (max-width: 830px) 100vw, 830px\" \/><\/p>\n<h3>Pour l&#8217;entretien et la r\u00e9paration de vos v\u00e9los, choisissez le forfait le plus adapt\u00e9 \u00e0 votre besoin.<\/h3>\n<ul>\n<li>Contr\u00f4le s\u00e9curit\u00e9 : 30 \u20ac\n<ul>\n<li><em>V\u00e9rification des serrages et des jeux, diagnostic freinage et transmission, d\u00e9voilage simple, pression des pneus. Aucune pi\u00e8ce d\u00e9tach\u00e9e incluse.<\/em><\/li>\n<\/ul>\n<\/li>\n<li>R\u00e9vision standard : 60 \u20ac\n<ul>\n<li><em>Contr\u00f4le s\u00e9curit\u00e9 + changement plaquettes\/patins de freins, pneu et\/ou c\u00e2ble et gaine selon le besoin, nettoyage cha\u00eene et cassette, r\u00e9glages d\u00e9railleurs, lubrification transmission. Pi\u00e8ces chang\u00e9es factur\u00e9es en suppl\u00e9ment.<\/em><\/li>\n<\/ul>\n<\/li>\n<li>R\u00e9vision standard VAE : 75 \u20ac\n<ul>\n<li><em>R\u00e9vision standard + diagnostic\/mise \u00e0 jour du syst\u00e8me de motorisation Bosch ou Shimano.<\/em><\/li>\n<\/ul>\n<\/li>\n<li>R\u00e9vision annuelle : 90 \u20ac\n<ul>\n<li><em>R\u00e9vision standard + contr\u00f4le moyeux, jeu de direction, boitier de p\u00e9dalier (graissage, changement si n\u00e9cessaire). Pi\u00e8ces factur\u00e9es en suppl\u00e9ment.<\/em><\/li>\n<\/ul>\n<\/li>\n<li>R\u00e9vision annuelle VAE : 105 \u20ac\n<ul>\n<li><em>R\u00e9vision annuelle + diagnostic\/mise \u00e0 jour de votre syst\u00e8me de motorisation Bosch ou Shimano.<\/em><\/li>\n<\/ul>\n<\/li>\n<li>Diagnostic \/ mise \u00e0 jour VAE : 25 \u20ac\n<ul>\n<li><em>Pour syst\u00e8me de motorisation Bosch ou Shimano.<\/em><\/li>\n<\/ul>\n<\/li>\n<li>Diagnostic : 15 \u20ac\n<ul>\n<li><em>Recherche de panne n\u00e9cessitant un d\u00e9montage. Prix d\u00e9duit de la r\u00e9paration si cette derni\u00e8re est effectu\u00e9e par mes soins.<\/em><\/li>\n<\/ul>\n<\/li>\n<li>Main d&#8217;Oeuvre hors op\u00e9ration forfaitis\u00e9e : 60 \u20ac\/h\u00a0<em>factur\u00e9e par tranche de 5 min.<\/em><\/li>\n<li>Conception v\u00e9lo \u00e0 la carte : 60 \u20ac\n<ul>\n<li><em>Choix des composants pour assurer la compatibilit\u00e9 du mat\u00e9riel et l&#8217;ad\u00e9quation aux attentes du cycliste.\u00a0En rendez-vous, par t\u00e9l\u00e9phone et\/ou par mail. Le prix de la conception est d\u00e9duit du prix du montage v\u00e9lo complet si ce dernier est r\u00e9alis\u00e9 par mes soins.<\/em><\/li>\n<\/ul>\n<\/li>\n<li>Montage v\u00e9lo complet : 120 \u20ac\n<ul>\n<li><em>Montage \u00e0 la carte.<\/em><\/li>\n<\/ul>\n<\/li>\n<li>Changement chambre \u00e0 air\/pneu sur roue d\u00e9mont\u00e9e : 10 \u20ac\n<ul>\n<li><em>Hors chambre \u00e0 air\/pneu<\/em><\/li>\n<\/ul>\n<\/li>\n<li>Changement chambre \u00e0 air\/pneu roue mont\u00e9e sur le v\u00e9lo : 15 \u20ac\n<ul>\n<li><em>Hors chambre \u00e0 air\/pneu<\/em><\/li>\n<\/ul>\n<\/li>\n<li>Changement chambre \u00e0 air\/pneu v\u00e9lo hollandais\/VAE : 20 \u20ac\n<ul>\n<li><em>Hors chambre \u00e0 air\/pneu<\/em><\/li>\n<\/ul>\n<\/li>\n<li>Entretien simple suspension : 50 \u20ac\n<ul>\n<li><em>Vidange huile, nettoyage, graissage. Consommables inclus.<\/em><\/li>\n<\/ul>\n<\/li>\n<li>Entretien complet suspension : Sur devis.\n<ul>\n<li><em>Entretien simple + changement des joints.<\/em><\/li>\n<\/ul>\n<\/li>\n<li>Changement jeu de direction : 25 \u20ac\n<ul>\n<li><em>Hors pi\u00e8ces.<\/em><\/li>\n<\/ul>\n<\/li>\n<li>Graissage jeu de direction : 20 \u20ac<\/li>\n<li>Changement patins ou plaquettes de freins : 15 \u20ac\n<ul>\n<li><em>Pour un jeu, hors pi\u00e8ces.<\/em><\/li>\n<\/ul>\n<\/li>\n<li>Purge frein \u00e0 disque hydraulique : 20 \u20ac\n<ul>\n<li><em>Y compris liquide DOT ou huile min\u00e9rale<\/em><\/li>\n<\/ul>\n<\/li>\n<li>Changement de c\u00e2bles et gaines externes : 25 \u20ac\n<ul>\n<li><em>La paire frein ou d\u00e9railleur pi\u00e8ces incluses<\/em><\/li>\n<\/ul>\n<\/li>\n<li>Changement de c\u00e2bles et gaines internes : 30 \u20ac\n<ul>\n<li><em>La paire frein ou d\u00e9railleur pi\u00e8ces incluses<\/em><\/li>\n<\/ul>\n<\/li>\n<li>R\u00e9glage d\u00e9railleur : 15 \u20ac\n<ul>\n<li><em>Un d\u00e9railleur<\/em><\/li>\n<\/ul>\n<\/li>\n<li>Changement cha\u00eene ou cassette : 15 \u20ac\n<ul>\n<li><em>Hors pi\u00e8ces<\/em><\/li>\n<\/ul>\n<\/li>\n<li>Taraudage manivelle : 25 \u20ac\n<ul>\n<li><em>Un taraudage p\u00e9dale ou extraction<\/em><\/li>\n<\/ul>\n<\/li>\n<li>Echange manette VTT : 20 \u20ac\n<ul>\n<li><em>Hors manette<\/em><\/li>\n<\/ul>\n<\/li>\n<li>D\u00e9voilage roue : 15-25 \u20ac\n<ul>\n<li><em>Selon \u00e9tat de la roue<\/em>.<\/li>\n<\/ul>\n<\/li>\n<li>Changement de rayon : 20 \u20ac\n<ul>\n<li><em>Hors rayon et \u00e9crou<\/em><\/li>\n<\/ul>\n<\/li>\n<li>Rayonnage complet roue : 70 \u20ac<\/li>\n<li>Montage pneu Tubeless sur roue Tubeless Ready : 35 \u20ac\n<ul>\n<li><em>Compris Fond de Jante, Valve Tubeless.\u00a0<\/em><em>Hors pneu.<\/em><\/li>\n<\/ul>\n<\/li>\n<li>Changement roue avant : 20 \u20ac\n<ul>\n<li><em>Moteur au moyeu, moyeu dynamo, frein \u00e0 tambour : +<\/em><em>10 \u20ac<\/em><\/li>\n<li><em>Hors pi\u00e8ces.<\/em><\/li>\n<\/ul>\n<\/li>\n<li>Changement roue arri\u00e8re : 30 \u20ac\n<ul>\n<li><em>Moteur ou vitesses int\u00e9gr\u00e9es au moyeu, frein \u00e0 tambour : +10 \u20ac<\/em><\/li>\n<li><em>Hors pi\u00e8ces.<\/em><\/li>\n<\/ul>\n<\/li>\n<li>Installation accessoire simple :\u00a0 10 \u20ac\n<ul>\n<li><em>Selle, potence, poign\u00e9es, p\u00e9dales, b\u00e9quille, porte-bagage, garde-boue.\u00a0<\/em><em>Hors pi\u00e8ces.<\/em><\/li>\n<\/ul>\n<\/li>\n<li>Changement boitier de p\u00e9dalier : 20 \u20ac\n<ul>\n<li><em>Hors pi\u00e8ces.<\/em><\/li>\n<\/ul>\n<\/li>\n<li>Changement plateau : 15 \u20ac\n<ul>\n<li><em>Hors pi\u00e8ces.<\/em><\/li>\n<\/ul>\n<\/li>\n<li>Changement de guidoline : 20 \u20ac\n<ul>\n<li><em>Hors pi\u00e8ces.<\/em><\/li>\n<\/ul>\n<\/li>\n<li>Pr\u00e9paration v\u00e9lo : 60 \u20ac\n<ul>\n<li><em>Montage v\u00e9lo achat internet. R\u00e9glage de position et suspension.<\/em><\/li>\n<\/ul>\n<\/li>\n<\/ul>\n<p>Frais de d\u00e9placement :<\/p>\n<ul>\n<li>Minimum de facturation : 5\u20ac.<\/li>\n<li>0,50 cts\/km,<\/li>\n<li>A partir de 30 \u20ac de Main d&#8217;Oeuvre : 0,40 cts\/km,<\/li>\n<li>A partir de 60 \u20ac de Main d&#8217;Oeuvre factur\u00e9e : 0,30 cts\/km,<\/li>\n<li>A partir de 120 \u20ac de Main d&#8217;Oeuvre factur\u00e9e : 0,20 cts\/km,<\/li>\n<li>Offert \u00e0 partir de 200 \u20ac de Main d&#8217;Oeuvre factur\u00e9e.<\/li>\n<\/ul>\n<h6>Les tarifs peuvent \u00eatre modifi\u00e9s sans pr\u00e9avis, un devis (sans d\u00e9montage) peut \u00eatre \u00e9tabli sur demande avant l&#8217;intervention. Pour toute recherche de panne, le forfait Diagnostic sera appliqu\u00e9. Pour les prestation d&#8217;\u00e9change pi\u00e8ces ou de montage, le tarif sera major\u00e9 de 50% en cas de pi\u00e8ces fournies par le client.<\/h6>\n<p><img loading=\"lazy\" decoding=\"async\" class=\"wp-image-72 aligncenter\" src=\"http:\/\/lecamionavelo.fr\/wp-content\/uploads\/2018\/10\/bottom-bracket-1204870-e1539639844212-300x76.jpg\" alt=\"\" width=\"833\" height=\"211\" srcset=\"http:\/\/lecamionavelo.fr\/wp-content\/uploads\/2018\/10\/bottom-bracket-1204870-e1539639844212-300x76.jpg 300w, http:\/\/lecamionavelo.fr\/wp-content\/uploads\/2018\/10\/bottom-bracket-1204870-e1539639844212-768x194.jpg 768w, http:\/\/lecamionavelo.fr\/wp-content\/uploads\/2018\/10\/bottom-bracket-1204870-e1539639844212-1024x258.jpg 1024w, http:\/\/lecamionavelo.fr\/wp-content\/uploads\/2018\/10\/bottom-bracket-1204870-e1539639844212-370x93.jpg 370w, http:\/\/lecamionavelo.fr\/wp-content\/uploads\/2018\/10\/bottom-bracket-1204870-e1539639844212-1040x262.jpg 1040w\" sizes=\"auto, (max-width: 833px) 100vw, 833px\" \/><\/p>\n\n\n<p><\/p>\n","protected":false},"excerpt":{"rendered":"<p>Pour l&#8217;entretien et la r\u00e9paration de vos v\u00e9los, choisissez le forfait le plus adapt\u00e9 \u00e0 votre besoin. Contr\u00f4le s\u00e9curit\u00e9 : 30 \u20ac V\u00e9rification des serrages et des jeux, diagnostic freinage et transmission, d\u00e9voilage simple, pression[&#8230;]<\/p>\n","protected":false},"author":1,"featured_media":0,"parent":0,"menu_order":0,"comment_status":"closed","ping_status":"closed","template":"","meta":{"_monsterinsights_skip_tracking":false,"_monsterinsights_sitenote_active":false,"_monsterinsights_sitenote_note":"","_monsterinsights_sitenote_category":0,"footnotes":""},"class_list":["post-50","page","type-page","status-publish","hentry"],"_links":{"self":[{"href":"http:\/\/lecamionavelo.fr\/index.php?rest_route=\/wp\/v2\/pages\/50","targetHints":{"allow":["GET"]}}],"collection":[{"href":"http:\/\/lecamionavelo.fr\/index.php?rest_route=\/wp\/v2\/pages"}],"about":[{"href":"http:\/\/lecamionavelo.fr\/index.php?rest_route=\/wp\/v2\/types\/page"}],"author":[{"embeddable":true,"href":"http:\/\/lecamionavelo.fr\/index.php?rest_route=\/wp\/v2\/users\/1"}],"replies":[{"embeddable":true,"href":"http:\/\/lecamionavelo.fr\/index.php?rest_route=%2Fwp%2Fv2%2Fcomments&post=50"}],"version-history":[{"count":19,"href":"http:\/\/lecamionavelo.fr\/index.php?rest_route=\/wp\/v2\/pages\/50\/revisions"}],"predecessor-version":[{"id":286,"href":"http:\/\/lecamionavelo.fr\/index.php?rest_route=\/wp\/v2\/pages\/50\/revisions\/286"}],"wp:attachment":[{"href":"http:\/\/lecamionavelo.fr\/index.php?rest_route=%2Fwp%2Fv2%2Fmedia&parent=50"}],"curies":[{"name":"wp","href":"https:\/\/api.w.org\/{rel}","templated":true}]}}