{"id":25,"date":"2018-10-01T21:36:37","date_gmt":"2018-10-01T19:36:37","guid":{"rendered":"http:\/\/lecamionavelo.fr\/?page_id=25"},"modified":"2018-10-19T10:05:42","modified_gmt":"2018-10-19T08:05:42","slug":"services","status":"publish","type":"page","link":"http:\/\/lecamionavelo.fr\/?page_id=25","title":{"rendered":"Prestations"},"content":{"rendered":"<p><img loading=\"lazy\" decoding=\"async\" class=\"wp-image-15 aligncenter\" src=\"http:\/\/lecamionavelo.fr\/wp-content\/uploads\/2018\/09\/countryside-2360038_1920-e1539638985983-300x56.jpg\" alt=\"route v\u00e9lo\" width=\"830\" height=\"155\" srcset=\"http:\/\/lecamionavelo.fr\/wp-content\/uploads\/2018\/09\/countryside-2360038_1920-e1539638985983-300x56.jpg 300w, http:\/\/lecamionavelo.fr\/wp-content\/uploads\/2018\/09\/countryside-2360038_1920-e1539638985983-768x144.jpg 768w, http:\/\/lecamionavelo.fr\/wp-content\/uploads\/2018\/09\/countryside-2360038_1920-e1539638985983-1024x192.jpg 1024w, http:\/\/lecamionavelo.fr\/wp-content\/uploads\/2018\/09\/countryside-2360038_1920-e1539638985983-370x69.jpg 370w, http:\/\/lecamionavelo.fr\/wp-content\/uploads\/2018\/09\/countryside-2360038_1920-e1539638985983-1040x195.jpg 1040w, http:\/\/lecamionavelo.fr\/wp-content\/uploads\/2018\/09\/countryside-2360038_1920-e1539638985983.jpg 1920w\" sizes=\"auto, (max-width: 830px) 100vw, 830px\" \/><\/p>\n<p>Je vous propose mes services pour l&#8217;ensemble de ces prestations.<\/p>\n<ul>\n<li><a href=\"http:\/\/lecamionavelo.fr\/?page_id=50\">R\u00e9paration et entretien de tous les types de v\u00e9los<\/a><\/li>\n<li><a href=\"http:\/\/lecamionavelo.fr\/?page_id=80\">Conception et montage \u00e0 la carte<\/a><\/li>\n<li><a href=\"http:\/\/lecamionavelo.fr\/?page_id=100\">Conseil \u00e0 l&#8217;achat de v\u00e9los neufs<\/a><\/li>\n<li><a href=\"http:\/\/lecamionavelo.fr\/?page_id=110\">Recherche d&#8217;occasions<\/a><\/li>\n<li><a href=\"http:\/\/lecamionavelo.fr\/?page_id=126\">Montage\/r\u00e9glage de v\u00e9los achet\u00e9s par correspondance<\/a><\/li>\n<li><a href=\"http:\/\/lecamionavelo.fr\/?page_id=119\">R\u00e9paration de cadre<\/a><\/li>\n<\/ul>\n<p><img loading=\"lazy\" decoding=\"async\" class=\" wp-image-98 aligncenter\" src=\"http:\/\/lecamionavelo.fr\/wp-content\/uploads\/2018\/10\/forest-2-e1539698130732-300x56.jpg\" alt=\"\" width=\"825\" height=\"154\" srcset=\"http:\/\/lecamionavelo.fr\/wp-content\/uploads\/2018\/10\/forest-2-e1539698130732-300x56.jpg 300w, http:\/\/lecamionavelo.fr\/wp-content\/uploads\/2018\/10\/forest-2-e1539698130732-768x144.jpg 768w, http:\/\/lecamionavelo.fr\/wp-content\/uploads\/2018\/10\/forest-2-e1539698130732-1024x192.jpg 1024w, http:\/\/lecamionavelo.fr\/wp-content\/uploads\/2018\/10\/forest-2-e1539698130732-370x69.jpg 370w, http:\/\/lecamionavelo.fr\/wp-content\/uploads\/2018\/10\/forest-2-e1539698130732-1040x195.jpg 1040w, http:\/\/lecamionavelo.fr\/wp-content\/uploads\/2018\/10\/forest-2-e1539698130732.jpg 1917w\" sizes=\"auto, (max-width: 825px) 100vw, 825px\" \/><\/p>\n","protected":false},"excerpt":{"rendered":"<p>Je vous propose mes services pour l&#8217;ensemble de ces prestations. R\u00e9paration et entretien de tous les types de v\u00e9los Conception et montage \u00e0 la carte Conseil \u00e0 l&#8217;achat de v\u00e9los neufs Recherche d&#8217;occasions Montage\/r\u00e9glage de[&#8230;]<\/p>\n","protected":false},"author":1,"featured_media":0,"parent":0,"menu_order":0,"comment_status":"closed","ping_status":"closed","template":"","meta":{"_monsterinsights_skip_tracking":false,"_monsterinsights_sitenote_active":false,"_monsterinsights_sitenote_note":"","_monsterinsights_sitenote_category":0,"footnotes":""},"class_list":["post-25","page","type-page","status-publish","hentry"],"_links":{"self":[{"href":"http:\/\/lecamionavelo.fr\/index.php?rest_route=\/wp\/v2\/pages\/25","targetHints":{"allow":["GET"]}}],"collection":[{"href":"http:\/\/lecamionavelo.fr\/index.php?rest_route=\/wp\/v2\/pages"}],"about":[{"href":"http:\/\/lecamionavelo.fr\/index.php?rest_route=\/wp\/v2\/types\/page"}],"author":[{"embeddable":true,"href":"http:\/\/lecamionavelo.fr\/index.php?rest_route=\/wp\/v2\/users\/1"}],"replies":[{"embeddable":true,"href":"http:\/\/lecamionavelo.fr\/index.php?rest_route=%2Fwp%2Fv2%2Fcomments&post=25"}],"version-history":[{"count":14,"href":"http:\/\/lecamionavelo.fr\/index.php?rest_route=\/wp\/v2\/pages\/25\/revisions"}],"predecessor-version":[{"id":129,"href":"http:\/\/lecamionavelo.fr\/index.php?rest_route=\/wp\/v2\/pages\/25\/revisions\/129"}],"wp:attachment":[{"href":"http:\/\/lecamionavelo.fr\/index.php?rest_route=%2Fwp%2Fv2%2Fmedia&parent=25"}],"curies":[{"name":"wp","href":"https:\/\/api.w.org\/{rel}","templated":true}]}}