{"id":188,"date":"2019-05-29T15:37:41","date_gmt":"2019-05-29T13:37:41","guid":{"rendered":"http:\/\/lecamionavelo.fr\/?page_id=188"},"modified":"2019-05-29T15:37:41","modified_gmt":"2019-05-29T13:37:41","slug":"location","status":"publish","type":"page","link":"http:\/\/lecamionavelo.fr\/?page_id=188","title":{"rendered":"Location"},"content":{"rendered":"\n<figure class=\"wp-block-image\"><img loading=\"lazy\" decoding=\"async\" width=\"1024\" height=\"768\" src=\"http:\/\/lecamionavelo.fr\/wp-content\/uploads\/2019\/02\/IMG_5576-1024x768.jpg\" alt=\"\" class=\"wp-image-189\" srcset=\"http:\/\/lecamionavelo.fr\/wp-content\/uploads\/2019\/02\/IMG_5576-1024x768.jpg 1024w, http:\/\/lecamionavelo.fr\/wp-content\/uploads\/2019\/02\/IMG_5576-300x225.jpg 300w, http:\/\/lecamionavelo.fr\/wp-content\/uploads\/2019\/02\/IMG_5576-768x576.jpg 768w, http:\/\/lecamionavelo.fr\/wp-content\/uploads\/2019\/02\/IMG_5576-370x278.jpg 370w, http:\/\/lecamionavelo.fr\/wp-content\/uploads\/2019\/02\/IMG_5576-1040x780.jpg 1040w\" sizes=\"auto, (max-width: 1024px) 100vw, 1024px\" \/><figcaption>VTT Randonn\u00e9e Taille M<\/figcaption><\/figure>\n\n\n\n<figure class=\"wp-block-image\"><img loading=\"lazy\" decoding=\"async\" width=\"1024\" height=\"768\" src=\"http:\/\/lecamionavelo.fr\/wp-content\/uploads\/2019\/02\/IMG_5577-1024x768.jpg\" alt=\"\" class=\"wp-image-190\" srcset=\"http:\/\/lecamionavelo.fr\/wp-content\/uploads\/2019\/02\/IMG_5577-1024x768.jpg 1024w, http:\/\/lecamionavelo.fr\/wp-content\/uploads\/2019\/02\/IMG_5577-300x225.jpg 300w, http:\/\/lecamionavelo.fr\/wp-content\/uploads\/2019\/02\/IMG_5577-768x576.jpg 768w, http:\/\/lecamionavelo.fr\/wp-content\/uploads\/2019\/02\/IMG_5577-370x278.jpg 370w, http:\/\/lecamionavelo.fr\/wp-content\/uploads\/2019\/02\/IMG_5577-1040x780.jpg 1040w\" sizes=\"auto, (max-width: 1024px) 100vw, 1024px\" \/><\/figure>\n\n\n\n<p>Je vous propose deux VTT \u00e0 la location pour des randonn\u00e9es. Retrait sur rendez-vous ou le samedi sur l&#8217;esplanade du lac de Vesoul-Vaivre. <\/p>\n\n\n\n<p>Mod\u00e8le Scott Aspect 750.<br>27,5 pouces.<br>Freinage disque hydraulique.<br>Transmission 3&#215;9 v.<\/p>\n\n\n\n<p>La journ\u00e9e : 40 \u20ac<br>La 1\/2 journ\u00e9e : 20 \u20ac<br><em>Caution : 200 \u20ac.<\/em><\/p>\n","protected":false},"excerpt":{"rendered":"<p>Je vous propose deux VTT \u00e0 la location pour des randonn\u00e9es. Retrait sur rendez-vous ou le samedi sur l&#8217;esplanade du lac de Vesoul-Vaivre. Mod\u00e8le Scott Aspect 750.27,5 pouces.Freinage disque hydraulique.Transmission 3&#215;9 v. La journ\u00e9e :[&#8230;]<\/p>\n","protected":false},"author":1,"featured_media":0,"parent":0,"menu_order":0,"comment_status":"closed","ping_status":"closed","template":"","meta":{"_monsterinsights_skip_tracking":false,"_monsterinsights_sitenote_active":false,"_monsterinsights_sitenote_note":"","_monsterinsights_sitenote_category":0,"footnotes":""},"class_list":["post-188","page","type-page","status-publish","hentry"],"_links":{"self":[{"href":"http:\/\/lecamionavelo.fr\/index.php?rest_route=\/wp\/v2\/pages\/188","targetHints":{"allow":["GET"]}}],"collection":[{"href":"http:\/\/lecamionavelo.fr\/index.php?rest_route=\/wp\/v2\/pages"}],"about":[{"href":"http:\/\/lecamionavelo.fr\/index.php?rest_route=\/wp\/v2\/types\/page"}],"author":[{"embeddable":true,"href":"http:\/\/lecamionavelo.fr\/index.php?rest_route=\/wp\/v2\/users\/1"}],"replies":[{"embeddable":true,"href":"http:\/\/lecamionavelo.fr\/index.php?rest_route=%2Fwp%2Fv2%2Fcomments&post=188"}],"version-history":[{"count":2,"href":"http:\/\/lecamionavelo.fr\/index.php?rest_route=\/wp\/v2\/pages\/188\/revisions"}],"predecessor-version":[{"id":243,"href":"http:\/\/lecamionavelo.fr\/index.php?rest_route=\/wp\/v2\/pages\/188\/revisions\/243"}],"wp:attachment":[{"href":"http:\/\/lecamionavelo.fr\/index.php?rest_route=%2Fwp%2Fv2%2Fmedia&parent=188"}],"curies":[{"name":"wp","href":"https:\/\/api.w.org\/{rel}","templated":true}]}}