{"id":119,"date":"2018-10-19T09:59:03","date_gmt":"2018-10-19T07:59:03","guid":{"rendered":"http:\/\/lecamionavelo.fr\/?page_id=119"},"modified":"2018-10-19T09:59:03","modified_gmt":"2018-10-19T07:59:03","slug":"reparation-de-cadre","status":"publish","type":"page","link":"http:\/\/lecamionavelo.fr\/?page_id=119","title":{"rendered":"R\u00e9paration de cadre"},"content":{"rendered":"<p><img loading=\"lazy\" decoding=\"async\" class=\" wp-image-121 alignright\" src=\"http:\/\/lecamionavelo.fr\/wp-content\/uploads\/2018\/10\/ImpactCadre2-300x232.jpg\" alt=\"\" width=\"264\" height=\"204\" srcset=\"http:\/\/lecamionavelo.fr\/wp-content\/uploads\/2018\/10\/ImpactCadre2-300x232.jpg 300w, http:\/\/lecamionavelo.fr\/wp-content\/uploads\/2018\/10\/ImpactCadre2-768x593.jpg 768w, http:\/\/lecamionavelo.fr\/wp-content\/uploads\/2018\/10\/ImpactCadre2-1024x791.jpg 1024w, http:\/\/lecamionavelo.fr\/wp-content\/uploads\/2018\/10\/ImpactCadre2-370x286.jpg 370w, http:\/\/lecamionavelo.fr\/wp-content\/uploads\/2018\/10\/ImpactCadre2-1040x804.jpg 1040w, http:\/\/lecamionavelo.fr\/wp-content\/uploads\/2018\/10\/ImpactCadre2.jpg 1280w\" sizes=\"auto, (max-width: 264px) 100vw, 264px\" \/><\/p>\n<p>Suite \u00e0 un accident, une chute, votre cadre carbone est cass\u00e9. Tout n&#8217;est peut-\u00eatre pas perdu, une r\u00e9paration est souvent possible.<\/p>\n<p>Je travaille avec un sous-traitant de confiance pour la r\u00e9paration. C&#8217;est lui qui jugera de la r\u00e9parabilit\u00e9 du cadre.<\/p>\n<p>Si la r\u00e9paration est possible, je me charge du d\u00e9montage complet du v\u00e9lo et confie le cadre au sous-traitant. A l&#8217;issue de la r\u00e9paration, je r\u00e9cup\u00e8re le cadre et proc\u00e8de au remontage complet.<\/p>\n<p><img loading=\"lazy\" decoding=\"async\" class=\"size-medium wp-image-120 alignleft\" src=\"http:\/\/lecamionavelo.fr\/wp-content\/uploads\/2018\/10\/IMG_20150128_101451-300x168.jpg\" alt=\"\" width=\"300\" height=\"168\" srcset=\"http:\/\/lecamionavelo.fr\/wp-content\/uploads\/2018\/10\/IMG_20150128_101451-300x168.jpg 300w, http:\/\/lecamionavelo.fr\/wp-content\/uploads\/2018\/10\/IMG_20150128_101451-768x431.jpg 768w, http:\/\/lecamionavelo.fr\/wp-content\/uploads\/2018\/10\/IMG_20150128_101451-1024x575.jpg 1024w, http:\/\/lecamionavelo.fr\/wp-content\/uploads\/2018\/10\/IMG_20150128_101451-370x208.jpg 370w, http:\/\/lecamionavelo.fr\/wp-content\/uploads\/2018\/10\/IMG_20150128_101451-1040x584.jpg 1040w\" sizes=\"auto, (max-width: 300px) 100vw, 300px\" \/>En option, il est possible de r\u00e9aliser une nouvelle peinture sur le cadre. Dans le cas contraire, une peinture simple sera appliqu\u00e9e sur la zone r\u00e9par\u00e9e.<\/p>\n<p><span style=\"text-decoration: underline;\"><strong>TARIF :<\/strong><\/span><br \/>\nD\u00e9montage\/remontage en vue de la r\u00e9paration : 132 \u20ac<br \/>\nR\u00e9paration : <em>sur devis apr\u00e8s d\u00e9montage<\/em>. Une estimation sera communiqu\u00e9e.<\/p>\n","protected":false},"excerpt":{"rendered":"<p>Suite \u00e0 un accident, une chute, votre cadre carbone est cass\u00e9. Tout n&#8217;est peut-\u00eatre pas perdu, une r\u00e9paration est souvent possible. Je travaille avec un sous-traitant de confiance pour la r\u00e9paration. C&#8217;est lui qui jugera[&#8230;]<\/p>\n","protected":false},"author":1,"featured_media":0,"parent":0,"menu_order":0,"comment_status":"closed","ping_status":"closed","template":"","meta":{"_monsterinsights_skip_tracking":false,"_monsterinsights_sitenote_active":false,"_monsterinsights_sitenote_note":"","_monsterinsights_sitenote_category":0,"footnotes":""},"class_list":["post-119","page","type-page","status-publish","hentry"],"_links":{"self":[{"href":"http:\/\/lecamionavelo.fr\/index.php?rest_route=\/wp\/v2\/pages\/119","targetHints":{"allow":["GET"]}}],"collection":[{"href":"http:\/\/lecamionavelo.fr\/index.php?rest_route=\/wp\/v2\/pages"}],"about":[{"href":"http:\/\/lecamionavelo.fr\/index.php?rest_route=\/wp\/v2\/types\/page"}],"author":[{"embeddable":true,"href":"http:\/\/lecamionavelo.fr\/index.php?rest_route=\/wp\/v2\/users\/1"}],"replies":[{"embeddable":true,"href":"http:\/\/lecamionavelo.fr\/index.php?rest_route=%2Fwp%2Fv2%2Fcomments&post=119"}],"version-history":[{"count":1,"href":"http:\/\/lecamionavelo.fr\/index.php?rest_route=\/wp\/v2\/pages\/119\/revisions"}],"predecessor-version":[{"id":123,"href":"http:\/\/lecamionavelo.fr\/index.php?rest_route=\/wp\/v2\/pages\/119\/revisions\/123"}],"wp:attachment":[{"href":"http:\/\/lecamionavelo.fr\/index.php?rest_route=%2Fwp%2Fv2%2Fmedia&parent=119"}],"curies":[{"name":"wp","href":"https:\/\/api.w.org\/{rel}","templated":true}]}}