{"id":100,"date":"2018-10-16T16:16:00","date_gmt":"2018-10-16T14:16:00","guid":{"rendered":"http:\/\/lecamionavelo.fr\/?page_id=100"},"modified":"2018-10-16T16:16:00","modified_gmt":"2018-10-16T14:16:00","slug":"conseil-a-lachat","status":"publish","type":"page","link":"http:\/\/lecamionavelo.fr\/?page_id=100","title":{"rendered":"Conseil \u00e0 l&#8217;achat"},"content":{"rendered":"<p><img loading=\"lazy\" decoding=\"async\" class=\"size-medium wp-image-101 alignright\" src=\"http:\/\/lecamionavelo.fr\/wp-content\/uploads\/2018\/10\/step0-300x200.jpg\" alt=\"\" width=\"300\" height=\"200\" srcset=\"http:\/\/lecamionavelo.fr\/wp-content\/uploads\/2018\/10\/step0-300x200.jpg 300w, http:\/\/lecamionavelo.fr\/wp-content\/uploads\/2018\/10\/step0-370x247.jpg 370w, http:\/\/lecamionavelo.fr\/wp-content\/uploads\/2018\/10\/step0.jpg 630w\" sizes=\"auto, (max-width: 300px) 100vw, 300px\" \/>Je peux vous accompagner dans le choix de votre v\u00e9lo parmi l&#8217;offre internet sur les plus grands sites.<\/p>\n<p>A la r\u00e9ception de votre nouveau v\u00e9lo, je viens assurer le montage et le r\u00e9glage de votre v\u00e9lo pour que vous profitiez au mieux de votre achat.<\/p>\n<p>Tout v\u00e9lo neuf mont\u00e9 par mes soins b\u00e9n\u00e9ficiera d&#8217;une visite de contr\u00f4le gratuite dans les 3 mois suivant sa mise en service.<\/p>\n","protected":false},"excerpt":{"rendered":"<p>Je peux vous accompagner dans le choix de votre v\u00e9lo parmi l&#8217;offre internet sur les plus grands sites. A la r\u00e9ception de votre nouveau v\u00e9lo, je viens assurer le montage et le r\u00e9glage de votre[&#8230;]<\/p>\n","protected":false},"author":1,"featured_media":0,"parent":0,"menu_order":0,"comment_status":"closed","ping_status":"closed","template":"","meta":{"_monsterinsights_skip_tracking":false,"_monsterinsights_sitenote_active":false,"_monsterinsights_sitenote_note":"","_monsterinsights_sitenote_category":0,"footnotes":""},"class_list":["post-100","page","type-page","status-publish","hentry"],"_links":{"self":[{"href":"http:\/\/lecamionavelo.fr\/index.php?rest_route=\/wp\/v2\/pages\/100","targetHints":{"allow":["GET"]}}],"collection":[{"href":"http:\/\/lecamionavelo.fr\/index.php?rest_route=\/wp\/v2\/pages"}],"about":[{"href":"http:\/\/lecamionavelo.fr\/index.php?rest_route=\/wp\/v2\/types\/page"}],"author":[{"embeddable":true,"href":"http:\/\/lecamionavelo.fr\/index.php?rest_route=\/wp\/v2\/users\/1"}],"replies":[{"embeddable":true,"href":"http:\/\/lecamionavelo.fr\/index.php?rest_route=%2Fwp%2Fv2%2Fcomments&post=100"}],"version-history":[{"count":1,"href":"http:\/\/lecamionavelo.fr\/index.php?rest_route=\/wp\/v2\/pages\/100\/revisions"}],"predecessor-version":[{"id":102,"href":"http:\/\/lecamionavelo.fr\/index.php?rest_route=\/wp\/v2\/pages\/100\/revisions\/102"}],"wp:attachment":[{"href":"http:\/\/lecamionavelo.fr\/index.php?rest_route=%2Fwp%2Fv2%2Fmedia&parent=100"}],"curies":[{"name":"wp","href":"https:\/\/api.w.org\/{rel}","templated":true}]}}